{"id":6724,"date":"2024-09-20T12:56:20","date_gmt":"2024-09-20T10:56:20","guid":{"rendered":"https:\/\/www.le-homestaging.es\/sobre-mi-home-stager\/"},"modified":"2024-12-30T13:26:10","modified_gmt":"2024-12-30T12:26:10","slug":"sobre-mi-home-stager","status":"publish","type":"page","link":"https:\/\/www.le-homestaging.es\/de\/sobre-mi-home-stager\/","title":{"rendered":"Sobre m\u00ed"},"content":{"rendered":"<div class=\"wpb-content-wrapper\"><p>[vc_section el_name=&#8220;Nosotros&#8220;][vc_row equal_height=&#8220;yes&#8220; content_placement=&#8220;middle&#8220;][vc_column width=&#8220;1\/2&#8243;]<div  class=\"wpb_content_element   clearfix\"><style type=\"text\/css\">#ut_am_69fec9023e83d { opacity: 1; }#ut_am_wrap_69fec9023e83f .ut-image-gallery-item-caption-title h3 { letter-spacing: 0em; }#ut_am_wrap_69fec9023e83f .ut-gallery-slider-caption { font-weight: bold; }#ut_am_wrap_69fec9023e83f { text-align: left; }@media (min-width: 768px) and (max-width: 1024px) { #ut_am_wrap_69fec9023e83f { text-align: left !important; } }@media (max-width: 767px) { #ut_am_wrap_69fec9023e83f { text-align: center !important; } }<\/style><div id=\"ut_am_wrap_69fec9023e83f\" class=\"ut-image-gallery-image \"><div id=\"ut_reveal_69fec9023e840\"  data-appear-top-offset=\"auto\" class=\"ut-animated-image-item ut-image-gallery-item ut-animation-done \"><a class=\"ut-deactivated-link\" href=\"#\"><div class=\"ut-animated-image-zoom\"><img loading=\"lazy\" decoding=\"async\" class=\"ut-lazy skip-lazy ut-animated-image \"  id=\"ut_am_69fec9023e83d\" src=\"data:image\/svg+xml;charset=utf-8,%3Csvg xmlns%3D'http%3A%2F%2Fwww.w3.org%2F2000%2Fsvg' viewBox%3D'0 0 3024 4032'%2F%3E\" data-src=\"https:\/\/www.le-homestaging.es\/wp-content\/uploads\/2024\/12\/Lorena-2.jpg\" width=\"3024\" height=\"4032\" alt=\"\"\/><\/div><\/a><\/div><\/div><\/div>[\/vc_column][vc_column width=&#8220;1\/2&#8243;]<style type=\"text\/css\">#ut_custom_heading69fec9023e96f { font-size:32px !important; }#ut_custom_heading69fec9023e96f { text-align:left; }@media (min-width: 768px) and (max-width: 1024px) { #ut_custom_heading69fec9023e96f { text-align:left; } }@media (max-width: 767px) { #ut_custom_heading69fec9023e96f { text-align:left; } }<\/style><h2 id=\"ut_custom_heading69fec9023e96f\" data-responsive-font=\"h2\" data-responsive-font-settings=\"{&quot;base-font-size&quot;:&quot;32&quot;,&quot;font-size-unit&quot;:&quot;px&quot;,&quot;font-size&quot;:{&quot;desktop_large&quot;:&quot;32&quot;},&quot;base-line-height&quot;:&quot;global&quot;,&quot;base-letter-spacing&quot;:&quot;global&quot;}\" class=\"ut-custom-heading-module  \" ><span class=\"\" >Maria Lorena Estupinan Merello<br \/>\n<\/span><\/h2><style type=\"text\/css\">#ut_custom_heading69fec90245ae8 { font-size:20px !important;line-height:30px !important; }#ut_custom_heading69fec90245ae8 { text-align:left; }@media (min-width: 768px) and (max-width: 1024px) { #ut_custom_heading69fec90245ae8 { text-align:left; } }@media (max-width: 767px) { #ut_custom_heading69fec90245ae8 { text-align:left; } }<\/style><div id=\"ut_custom_heading69fec90245ae8\" data-responsive-font=\"div\" data-responsive-font-settings=\"{&quot;base-font-size&quot;:&quot;20&quot;,&quot;font-size-unit&quot;:&quot;px&quot;,&quot;font-size&quot;:{&quot;desktop_large&quot;:&quot;20&quot;},&quot;base-line-height&quot;:&quot;global&quot;,&quot;line-height&quot;:{&quot;desktop_large&quot;:&quot;30&quot;},&quot;base-letter-spacing&quot;:&quot;global&quot;}\" class=\"ut-custom-heading-module  \" ><span class=\"\" >Ich habe in verschiedenen L\u00e4ndern gelebt und habe eine multikulturelle Familie, die es mir erm\u00f6glicht hat, eine breite globale Perspektive zu erlangen. Meine Muttersprache ist Spanisch, obwohl wir zu Hause Deutsch sprechen und ich mich auf Englisch problemlos verst\u00e4ndigen kann.<\/p>\n<p>Meine akademische Ausbildung begann mit einem Masterabschluss in International Economics, gefolgt von einem Doppelabschluss in Betriebswirtschaft und Rechnungswesen.<\/p>\n<p>Als Nebenberuf habe ich mich der Innenarchitektur und Dekoration zugewandt und meine Ausbildung durch Kurse in Home Staging und Energieeinsatz in der Innenarchitektur erg\u00e4nzt.<\/p>\n<p>Meine Hauptst\u00e4rke liegt in der Liebe zum Detail und der Projektionsf\u00e4higkeit, die Innenarchitektur erfordert, unterst\u00fctzt durch fundierte Kenntnisse im Renovierungsmanagement und in der Projektkoordination, wobei ich mich stets an das Budget des Kunden anpasse. Das Ergebnis ist ein Projekt, das in allen Aspekten \u00fcberzeugt: \u00e4sthetisch, harmonisch und finanziell.<br \/>\n<\/span><\/div>[vc_column_text]<\/p>\n<blockquote>\n<p>\u201c Das Ergebnis ist ein Projekt, das in allen Aspekten \u00fcberzeugt: \u00e4sthetisch, harmonisch und finanziell. \u201d<cite>\u2013 Lorena Estupi\u00f1an (CEO)<\/cite><\/p>\n<\/blockquote>\n<p>[\/vc_column_text][\/vc_column][\/vc_row][\/vc_section]<\/p>\n<\/div>","protected":false},"excerpt":{"rendered":"<p>[vc_section el_name=&#8220;Nosotros&#8220;][vc_row equal_height=&#8220;yes&#8220; content_placement=&#8220;middle&#8220;][vc_column width=&#8220;1\/2&#8243;][\/vc_column][vc_column width=&#8220;1\/2&#8243;][vc_column_text] \u201c Das Ergebnis ist ein Projekt, das in allen Aspekten \u00fcberzeugt: \u00e4sthetisch, harmonisch und finanziell. \u201d\u2013 Lorena Estupi\u00f1an (CEO) [\/vc_column_text][\/vc_column][\/vc_row][\/vc_section]<\/p>\n","protected":false},"author":1,"featured_media":0,"parent":0,"menu_order":0,"comment_status":"closed","ping_status":"closed","template":"","meta":{"footnotes":""},"class_list":["post-6724","page","type-page","status-publish","hentry"],"yoast_head":"<!-- This site is optimized with the Yoast SEO plugin v26.8 - https:\/\/yoast.com\/product\/yoast-seo-wordpress\/ -->\n<title>Sobre m\u00ed - LE Home Staging &amp; interiorismo<\/title>\n<meta name=\"robots\" content=\"index, follow, max-snippet:-1, max-image-preview:large, max-video-preview:-1\" \/>\n<link rel=\"canonical\" href=\"https:\/\/www.le-homestaging.es\/de\/sobre-mi-home-stager\/\" \/>\n<meta property=\"og:locale\" content=\"de_DE\" \/>\n<meta property=\"og:type\" content=\"article\" \/>\n<meta property=\"og:title\" content=\"Sobre m\u00ed - LE Home Staging &amp; interiorismo\" \/>\n<meta property=\"og:description\" content=\"[vc_section el_name=&#8220;Nosotros&#8220;][vc_row equal_height=&#8220;yes&#8220; content_placement=&#8220;middle&#8220;][vc_column width=&#8220;1\/2&#8243;][\/vc_column][vc_column width=&#8220;1\/2&#8243;][vc_column_text] \u201c Das Ergebnis ist ein Projekt, das in allen Aspekten \u00fcberzeugt: \u00e4sthetisch, harmonisch und finanziell. \u201d\u2013 Lorena Estupi\u00f1an (CEO) [\/vc_column_text][\/vc_column][\/vc_row][\/vc_section]\" \/>\n<meta property=\"og:url\" content=\"https:\/\/www.le-homestaging.es\/de\/sobre-mi-home-stager\/\" \/>\n<meta property=\"og:site_name\" content=\"LE Home Staging &amp; interiorismo\" \/>\n<meta property=\"article:modified_time\" content=\"2024-12-30T12:26:10+00:00\" \/>\n<meta name=\"twitter:card\" content=\"summary_large_image\" \/>\n<meta name=\"twitter:label1\" content=\"Gesch\u00e4tzte Lesezeit\" \/>\n\t<meta name=\"twitter:data1\" content=\"1\u00a0Minute\" \/>\n<script type=\"application\/ld+json\" class=\"yoast-schema-graph\">{\"@context\":\"https:\/\/schema.org\",\"@graph\":[{\"@type\":\"WebPage\",\"@id\":\"https:\/\/www.le-homestaging.es\/de\/sobre-mi-home-stager\/\",\"url\":\"https:\/\/www.le-homestaging.es\/de\/sobre-mi-home-stager\/\",\"name\":\"Sobre m\u00ed - LE Home Staging &amp; interiorismo\",\"isPartOf\":{\"@id\":\"https:\/\/www.le-homestaging.es\/de\/#website\"},\"datePublished\":\"2024-09-20T10:56:20+00:00\",\"dateModified\":\"2024-12-30T12:26:10+00:00\",\"breadcrumb\":{\"@id\":\"https:\/\/www.le-homestaging.es\/de\/sobre-mi-home-stager\/#breadcrumb\"},\"inLanguage\":\"de\",\"potentialAction\":[{\"@type\":\"ReadAction\",\"target\":[\"https:\/\/www.le-homestaging.es\/de\/sobre-mi-home-stager\/\"]}]},{\"@type\":\"BreadcrumbList\",\"@id\":\"https:\/\/www.le-homestaging.es\/de\/sobre-mi-home-stager\/#breadcrumb\",\"itemListElement\":[{\"@type\":\"ListItem\",\"position\":1,\"name\":\"Portada\",\"item\":\"https:\/\/www.le-homestaging.es\/de\/\"},{\"@type\":\"ListItem\",\"position\":2,\"name\":\"Sobre m\u00ed\"}]},{\"@type\":\"WebSite\",\"@id\":\"https:\/\/www.le-homestaging.es\/de\/#website\",\"url\":\"https:\/\/www.le-homestaging.es\/de\/\",\"name\":\"LE Home Staging & interiorismo\",\"description\":\"Decoraci\u00f3n Interiores Barcelona | Home staging Barcelona | Interiorismo Barcelona\",\"publisher\":{\"@id\":\"https:\/\/www.le-homestaging.es\/de\/#organization\"},\"potentialAction\":[{\"@type\":\"SearchAction\",\"target\":{\"@type\":\"EntryPoint\",\"urlTemplate\":\"https:\/\/www.le-homestaging.es\/de\/?s={search_term_string}\"},\"query-input\":{\"@type\":\"PropertyValueSpecification\",\"valueRequired\":true,\"valueName\":\"search_term_string\"}}],\"inLanguage\":\"de\"},{\"@type\":\"Organization\",\"@id\":\"https:\/\/www.le-homestaging.es\/de\/#organization\",\"name\":\"LE Home Staging & interiorismo\",\"url\":\"https:\/\/www.le-homestaging.es\/de\/\",\"logo\":{\"@type\":\"ImageObject\",\"inLanguage\":\"de\",\"@id\":\"https:\/\/www.le-homestaging.es\/de\/#\/schema\/logo\/image\/\",\"url\":\"https:\/\/www.le-homestaging.es\/wp-content\/uploads\/2024\/09\/favicon114.png\",\"contentUrl\":\"https:\/\/www.le-homestaging.es\/wp-content\/uploads\/2024\/09\/favicon114.png\",\"width\":114,\"height\":114,\"caption\":\"LE Home Staging & interiorismo\"},\"image\":{\"@id\":\"https:\/\/www.le-homestaging.es\/de\/#\/schema\/logo\/image\/\"}}]}<\/script>\n<!-- \/ Yoast SEO plugin. -->","yoast_head_json":{"title":"Sobre m\u00ed - LE Home Staging &amp; interiorismo","robots":{"index":"index","follow":"follow","max-snippet":"max-snippet:-1","max-image-preview":"max-image-preview:large","max-video-preview":"max-video-preview:-1"},"canonical":"https:\/\/www.le-homestaging.es\/de\/sobre-mi-home-stager\/","og_locale":"de_DE","og_type":"article","og_title":"Sobre m\u00ed - LE Home Staging &amp; interiorismo","og_description":"[vc_section el_name=&#8220;Nosotros&#8220;][vc_row equal_height=&#8220;yes&#8220; content_placement=&#8220;middle&#8220;][vc_column width=&#8220;1\/2&#8243;][\/vc_column][vc_column width=&#8220;1\/2&#8243;][vc_column_text] \u201c Das Ergebnis ist ein Projekt, das in allen Aspekten \u00fcberzeugt: \u00e4sthetisch, harmonisch und finanziell. \u201d\u2013 Lorena Estupi\u00f1an (CEO) [\/vc_column_text][\/vc_column][\/vc_row][\/vc_section]","og_url":"https:\/\/www.le-homestaging.es\/de\/sobre-mi-home-stager\/","og_site_name":"LE Home Staging &amp; interiorismo","article_modified_time":"2024-12-30T12:26:10+00:00","twitter_card":"summary_large_image","twitter_misc":{"Gesch\u00e4tzte Lesezeit":"1\u00a0Minute"},"schema":{"@context":"https:\/\/schema.org","@graph":[{"@type":"WebPage","@id":"https:\/\/www.le-homestaging.es\/de\/sobre-mi-home-stager\/","url":"https:\/\/www.le-homestaging.es\/de\/sobre-mi-home-stager\/","name":"Sobre m\u00ed - LE Home Staging &amp; interiorismo","isPartOf":{"@id":"https:\/\/www.le-homestaging.es\/de\/#website"},"datePublished":"2024-09-20T10:56:20+00:00","dateModified":"2024-12-30T12:26:10+00:00","breadcrumb":{"@id":"https:\/\/www.le-homestaging.es\/de\/sobre-mi-home-stager\/#breadcrumb"},"inLanguage":"de","potentialAction":[{"@type":"ReadAction","target":["https:\/\/www.le-homestaging.es\/de\/sobre-mi-home-stager\/"]}]},{"@type":"BreadcrumbList","@id":"https:\/\/www.le-homestaging.es\/de\/sobre-mi-home-stager\/#breadcrumb","itemListElement":[{"@type":"ListItem","position":1,"name":"Portada","item":"https:\/\/www.le-homestaging.es\/de\/"},{"@type":"ListItem","position":2,"name":"Sobre m\u00ed"}]},{"@type":"WebSite","@id":"https:\/\/www.le-homestaging.es\/de\/#website","url":"https:\/\/www.le-homestaging.es\/de\/","name":"LE Home Staging & interiorismo","description":"Decoraci\u00f3n Interiores Barcelona | Home staging Barcelona | Interiorismo Barcelona","publisher":{"@id":"https:\/\/www.le-homestaging.es\/de\/#organization"},"potentialAction":[{"@type":"SearchAction","target":{"@type":"EntryPoint","urlTemplate":"https:\/\/www.le-homestaging.es\/de\/?s={search_term_string}"},"query-input":{"@type":"PropertyValueSpecification","valueRequired":true,"valueName":"search_term_string"}}],"inLanguage":"de"},{"@type":"Organization","@id":"https:\/\/www.le-homestaging.es\/de\/#organization","name":"LE Home Staging & interiorismo","url":"https:\/\/www.le-homestaging.es\/de\/","logo":{"@type":"ImageObject","inLanguage":"de","@id":"https:\/\/www.le-homestaging.es\/de\/#\/schema\/logo\/image\/","url":"https:\/\/www.le-homestaging.es\/wp-content\/uploads\/2024\/09\/favicon114.png","contentUrl":"https:\/\/www.le-homestaging.es\/wp-content\/uploads\/2024\/09\/favicon114.png","width":114,"height":114,"caption":"LE Home Staging & interiorismo"},"image":{"@id":"https:\/\/www.le-homestaging.es\/de\/#\/schema\/logo\/image\/"}}]}},"_links":{"self":[{"href":"https:\/\/www.le-homestaging.es\/de\/wp-json\/wp\/v2\/pages\/6724","targetHints":{"allow":["GET"]}}],"collection":[{"href":"https:\/\/www.le-homestaging.es\/de\/wp-json\/wp\/v2\/pages"}],"about":[{"href":"https:\/\/www.le-homestaging.es\/de\/wp-json\/wp\/v2\/types\/page"}],"author":[{"embeddable":true,"href":"https:\/\/www.le-homestaging.es\/de\/wp-json\/wp\/v2\/users\/1"}],"replies":[{"embeddable":true,"href":"https:\/\/www.le-homestaging.es\/de\/wp-json\/wp\/v2\/comments?post=6724"}],"version-history":[{"count":2,"href":"https:\/\/www.le-homestaging.es\/de\/wp-json\/wp\/v2\/pages\/6724\/revisions"}],"predecessor-version":[{"id":6827,"href":"https:\/\/www.le-homestaging.es\/de\/wp-json\/wp\/v2\/pages\/6724\/revisions\/6827"}],"wp:attachment":[{"href":"https:\/\/www.le-homestaging.es\/de\/wp-json\/wp\/v2\/media?parent=6724"}],"curies":[{"name":"wp","href":"https:\/\/api.w.org\/{rel}","templated":true}]}}